{"id":2,"date":"2016-05-10T03:48:21","date_gmt":"2016-05-10T03:48:21","guid":{"rendered":"https:\/\/waldspielgruppethun.ch\/?page_id=2"},"modified":"2021-12-03T12:46:03","modified_gmt":"2021-12-03T12:46:03","slug":"sample-page","status":"publish","type":"page","link":"https:\/\/waldspielgruppethun.ch\/","title":{"rendered":""},"content":{"rendered":"\t\t<div data-elementor-type=\"wp-page\" data-elementor-id=\"2\" class=\"elementor elementor-2\" data-elementor-settings=\"[]\">\n\t\t\t\t\t\t\t<div class=\"elementor-section-wrap\">\n\t\t\t\t\t\t\t<section class=\"elementor-section elementor-top-section elementor-element elementor-element-effd7ee elementor-section-boxed elementor-section-height-default elementor-section-height-default\" data-id=\"effd7ee\" data-element_type=\"section\">\n\t\t\t\t\t\t<div class=\"elementor-container elementor-column-gap-default\">\n\t\t\t\t\t<div class=\"elementor-column elementor-col-50 elementor-top-column elementor-element elementor-element-595c6ae\" data-id=\"595c6ae\" data-element_type=\"column\">\n\t\t\t<div class=\"elementor-widget-wrap elementor-element-populated\">\n\t\t\t\t\t\t\t\t<div class=\"elementor-element elementor-element-9880325 elementor-widget elementor-widget-text-editor\" data-id=\"9880325\" data-element_type=\"widget\" data-widget_type=\"text-editor.default\">\n\t\t\t\t<div class=\"elementor-widget-container\">\n\t\t\t\t\t\t\t<h1><strong>Wo Kinder aufbl\u00fchen.<\/strong><\/h1>\n<div>\u00a0<\/div>\n<h1><strong>Weil sie ausreichend Bewegung brauchen, wenn sie sp\u00e4ter stillsitzen sollen.<\/strong><\/h1>\n<p>\u00a0<\/p>\t\t\t\t\t\t<\/div>\n\t\t\t\t<\/div>\n\t\t\t\t\t<\/div>\n\t\t<\/div>\n\t\t\t\t<div class=\"elementor-column elementor-col-50 elementor-top-column elementor-element elementor-element-f8bff3f\" data-id=\"f8bff3f\" data-element_type=\"column\">\n\t\t\t<div class=\"elementor-widget-wrap elementor-element-populated\">\n\t\t\t\t\t\t\t\t<div class=\"elementor-element elementor-element-fd766f1 elementor-widget elementor-widget-image\" data-id=\"fd766f1\" data-element_type=\"widget\" data-widget_type=\"image.default\">\n\t\t\t\t<div class=\"elementor-widget-container\">\n\t\t\t\t\t\t\t\t\t\t\t\t\t\t\t<img loading=\"lazy\" decoding=\"async\" width=\"629\" height=\"223\" src=\"https:\/\/waldspielgruppethun.ch\/wp-content\/uploads\/2021\/08\/ardilla.png\" class=\"attachment-large size-large\" alt=\"\" srcset=\"https:\/\/waldspielgruppethun.ch\/wp-content\/uploads\/2021\/08\/ardilla.png 629w, https:\/\/waldspielgruppethun.ch\/wp-content\/uploads\/2021\/08\/ardilla-300x106.png 300w\" sizes=\"auto, (max-width: 629px) 100vw, 629px\" \/>\t\t\t\t\t\t\t\t\t\t\t\t\t\t\t<\/div>\n\t\t\t\t<\/div>\n\t\t\t\t\t<\/div>\n\t\t<\/div>\n\t\t\t\t\t\t\t<\/div>\n\t\t<\/section>\n\t\t\t\t<section class=\"elementor-section elementor-top-section elementor-element elementor-element-8c4f325 elementor-section-boxed elementor-section-height-default elementor-section-height-default\" data-id=\"8c4f325\" data-element_type=\"section\">\n\t\t\t\t\t\t<div class=\"elementor-container elementor-column-gap-default\">\n\t\t\t\t\t<div class=\"elementor-column elementor-col-50 elementor-top-column elementor-element elementor-element-2439dc4\" data-id=\"2439dc4\" data-element_type=\"column\">\n\t\t\t<div class=\"elementor-widget-wrap elementor-element-populated\">\n\t\t\t\t\t\t\t\t<div class=\"elementor-element elementor-element-c5739d0 elementor-widget elementor-widget-image\" data-id=\"c5739d0\" data-element_type=\"widget\" data-widget_type=\"image.default\">\n\t\t\t\t<div class=\"elementor-widget-container\">\n\t\t\t\t\t\t\t\t\t\t\t\t\t\t\t<img loading=\"lazy\" decoding=\"async\" width=\"287\" height=\"279\" src=\"https:\/\/waldspielgruppethun.ch\/wp-content\/uploads\/2021\/08\/pilzli.png\" class=\"attachment-full size-full\" alt=\"\" \/>\t\t\t\t\t\t\t\t\t\t\t\t\t\t\t<\/div>\n\t\t\t\t<\/div>\n\t\t\t\t\t<\/div>\n\t\t<\/div>\n\t\t\t\t<div class=\"elementor-column elementor-col-50 elementor-top-column elementor-element elementor-element-aef0457\" data-id=\"aef0457\" data-element_type=\"column\">\n\t\t\t<div class=\"elementor-widget-wrap elementor-element-populated\">\n\t\t\t\t\t\t\t\t<div class=\"elementor-element elementor-element-ade78b2 elementor-widget elementor-widget-text-editor\" data-id=\"ade78b2\" data-element_type=\"widget\" data-widget_type=\"text-editor.default\">\n\t\t\t\t<div class=\"elementor-widget-container\">\n\t\t\t\t\t\t\t<h1><strong>Weil wir ihre Fantasie und Kreativit\u00e4t bewahren.<\/strong><\/h1>\n<h1><strong>Weil sie auch sp\u00e4ter die Natur sch\u00fctzen, wenn sie heute die Natur kennen und lieben gelernt haben.<\/strong><\/h1>\t\t\t\t\t\t<\/div>\n\t\t\t\t<\/div>\n\t\t\t\t\t<\/div>\n\t\t<\/div>\n\t\t\t\t\t\t\t<\/div>\n\t\t<\/section>\n\t\t\t\t<section class=\"elementor-section elementor-top-section elementor-element elementor-element-540f43a8 elementor-section-boxed elementor-section-height-default elementor-section-height-default\" data-id=\"540f43a8\" data-element_type=\"section\">\n\t\t\t\t\t\t<div class=\"elementor-container elementor-column-gap-default\">\n\t\t\t\t\t<div class=\"elementor-column elementor-col-100 elementor-top-column elementor-element elementor-element-62af47db\" data-id=\"62af47db\" data-element_type=\"column\">\n\t\t\t<div class=\"elementor-widget-wrap elementor-element-populated\">\n\t\t\t\t\t\t\t\t<div class=\"elementor-element elementor-element-d7f0d8d elementor-widget elementor-widget-menu-anchor\" data-id=\"d7f0d8d\" data-element_type=\"widget\" data-widget_type=\"menu-anchor.default\">\n\t\t\t\t<div class=\"elementor-widget-container\">\n\t\t\t\t\t<div id=\"Warum\" class=\"elementor-menu-anchor\"><\/div>\n\t\t\t\t<\/div>\n\t\t\t\t<\/div>\n\t\t\t\t<div class=\"elementor-element elementor-element-642c114e elementor-widget elementor-widget-text-editor\" data-id=\"642c114e\" data-element_type=\"widget\" data-widget_type=\"text-editor.default\">\n\t\t\t\t<div class=\"elementor-widget-container\">\n\t\t\t\t\t\t\t<p><!-- wp:paragraph --><\/p>\n<p><!-- \/wp:paragraph --><\/p>\n<p><!-- wp:paragraph --><\/p>\n<p><!-- \/wp:paragraph --><\/p>\n<p><!-- wp:paragraph --><\/p>\n<p>\u00a0<\/p>\n<p><!-- \/wp:paragraph --><\/p>\n<p><!-- wp:group --><\/p>\n<div class=\"wp-block-group\">\n<p><!-- wp:heading {\"level\":1} --><\/p>\n<h1>\u00a0<\/h1>\n<h1>\u00a0<\/h1>\n<h1>\u00a0<\/h1>\n<h1>\u00a0<\/h1>\n<h1>Warum Waldspielgruppe?<\/h1>\n<p><!-- \/wp:heading --><\/p>\n<\/div>\n<p><!-- \/wp:group --><\/p>\n<p><!-- wp:group --><\/p>\n<p><!-- \/wp:group --><\/p>\n<p><!-- wp:paragraph --><\/p>\n<p>Was gibt es sch\u00f6neres, als an der frischen Luft die Natur zu geniessen, sie zu sp\u00fcren und zu erforschen? <br \/>Mit gleichaltrigen Kindern im Wald spielen, lachen, entdecken, singen etc.<\/p>\n<p><!-- \/wp:paragraph --><\/p>\n<p><!-- wp:paragraph --><\/p>\n<p>Im Wald k\u00f6nnen Kinder zur Ruhe kommen oder ihrer Energie freien Lauf lassen.<\/p>\n<p><!-- \/wp:paragraph --><\/p>\n<p><!-- wp:paragraph --><\/p>\n<p>Die Sinnesorgane werden gef\u00f6rdert und die Fantasie sowie die Kreativit\u00e4t angeregt.<\/p>\n<p><!-- \/wp:paragraph --><\/p>\n<p><!-- wp:paragraph --><\/p>\n<p>Die vielf\u00e4ltigen Sch\u00e4tze des Waldes laden zum Entdecken ein, das Finden von Eicheln, Zapfen und Steine etc. und das damit verbundene Schaffen trainieren die Feinmotorik. Verschiedene Gel\u00e4ndearten wie Wurzeln oder Hanglagen f\u00f6rdern den Gleichgewichtssinn und die Grobmotorik. Unterschiedlich strukturierte Oberfl\u00e4chen von nassen Bl\u00e4ttern, kalten Steinen oder weichem Moos verfeinern den Tastsinn der Kinder.<\/p>\n<p><!-- \/wp:paragraph --><\/p>\n<p><!-- wp:paragraph --><\/p>\n<p>Die Bew\u00e4ltigung verschiedener Herausforderungen gibt dem Kind Selbstvertrauen.<\/p>\n<p><!-- \/wp:paragraph --><\/p>\n<p><!-- wp:paragraph --><\/p>\n<p>Durch das Spiel mit gleichaltrigen Kindern wird die Sozialkompetenz gef\u00f6rdert.<\/p>\n<p><!-- \/wp:paragraph --><\/p>\n<p><!-- wp:paragraph --><\/p>\n<p>Zus\u00e4tzlich st\u00e4rken die regelm\u00e4ssigen Allwetteraufenthalte im Freien das Immunsystem.<\/p>\n<p><!-- \/wp:paragraph --><\/p>\n<p><!-- wp:heading {\"level\":1} --><\/p>\n<h1>Wer sind wir<\/h1>\n<p><!-- \/wp:heading --><\/p>\n<p><!-- wp:paragraph --><\/p>\n<p>Wir sind Andrea Gerber und Sandra Beyeler, beide Spielgrupenleiterinnen und M\u00fctter. Die Kinder sind selbst aktive, wir Leiterinnen begleiten und beobachten im Hintergrund.<\/p>\n<p><!-- \/wp:paragraph --><\/p>\n<p><!-- wp:paragraph --><\/p>\n<p>Wir sch\u00e4tzen und ber\u00fccksichtigen die Eigenschaften und Besonderheiten jedes Kindes und gehen auf seine Bed\u00fcrfnisse und Ideen ein. Wir gehen auf die F\u00e4higkeiten der Kinder ein und entwickeln diese weiter.<\/p>\n<p><!-- \/wp:paragraph --><\/p>\n<p><!-- wp:paragraph --><\/p>\n<p>Wir bieten dazu grossen Freiraum, setzen aber klare Grenzen<\/p>\n<p><!-- \/wp:paragraph --><\/p>\n<p><!-- wp:heading {\"level\":1} --><\/p>\n<p>\u00a0<\/p>\n<p><!-- \/wp:heading --><\/p>\t\t\t\t\t\t<\/div>\n\t\t\t\t<\/div>\n\t\t\t\t<div class=\"elementor-element elementor-element-6aca25e elementor-widget elementor-widget-menu-anchor\" data-id=\"6aca25e\" data-element_type=\"widget\" data-widget_type=\"menu-anchor.default\">\n\t\t\t\t<div class=\"elementor-widget-container\">\n\t\t\t\t\t<div id=\"Wer\" class=\"elementor-menu-anchor\"><\/div>\n\t\t\t\t<\/div>\n\t\t\t\t<\/div>\n\t\t\t\t\t<\/div>\n\t\t<\/div>\n\t\t\t\t\t\t\t<\/div>\n\t\t<\/section>\n\t\t\t\t<section class=\"elementor-section elementor-top-section elementor-element elementor-element-dacb635 elementor-section-boxed elementor-section-height-default elementor-section-height-default\" data-id=\"dacb635\" data-element_type=\"section\">\n\t\t\t\t\t\t<div class=\"elementor-container elementor-column-gap-default\">\n\t\t\t\t\t<div class=\"elementor-column elementor-col-100 elementor-top-column elementor-element elementor-element-5795bed\" data-id=\"5795bed\" data-element_type=\"column\">\n\t\t\t<div class=\"elementor-widget-wrap elementor-element-populated\">\n\t\t\t\t\t\t\t\t<div class=\"elementor-element elementor-element-2972f5d elementor-widget elementor-widget-text-editor\" data-id=\"2972f5d\" data-element_type=\"widget\" data-widget_type=\"text-editor.default\">\n\t\t\t\t<div class=\"elementor-widget-container\">\n\t\t\t\t\t\t\t<h1>Kontakt<\/h1>\t\t\t\t\t\t<\/div>\n\t\t\t\t<\/div>\n\t\t\t\t<div class=\"elementor-element elementor-element-67784ec elementor-widget elementor-widget-menu-anchor\" data-id=\"67784ec\" data-element_type=\"widget\" data-widget_type=\"menu-anchor.default\">\n\t\t\t\t<div class=\"elementor-widget-container\">\n\t\t\t\t\t<div id=\"Kontakt\" class=\"elementor-menu-anchor\"><\/div>\n\t\t\t\t<\/div>\n\t\t\t\t<\/div>\n\t\t\t\t<section class=\"elementor-section elementor-inner-section elementor-element elementor-element-8a8f2d4 elementor-section-boxed elementor-section-height-default elementor-section-height-default\" data-id=\"8a8f2d4\" data-element_type=\"section\">\n\t\t\t\t\t\t<div class=\"elementor-container elementor-column-gap-default\">\n\t\t\t\t\t<div class=\"elementor-column elementor-col-50 elementor-inner-column elementor-element elementor-element-8dc9b61\" data-id=\"8dc9b61\" data-element_type=\"column\">\n\t\t\t<div class=\"elementor-widget-wrap elementor-element-populated\">\n\t\t\t\t\t\t\t\t<div class=\"elementor-element elementor-element-6c22afa elementor-widget elementor-widget-text-editor\" data-id=\"6c22afa\" data-element_type=\"widget\" data-widget_type=\"text-editor.default\">\n\t\t\t\t<div class=\"elementor-widget-container\">\n\t\t\t\t\t\t\t<p><strong>Sandra Beyeler<\/strong><\/p>\n<p>Tel. 079 299 53 67<\/p>\n<p>info@waldspielgruppethun.ch <\/p>\t\t\t\t\t\t<\/div>\n\t\t\t\t<\/div>\n\t\t\t\t\t<\/div>\n\t\t<\/div>\n\t\t\t\t<div class=\"elementor-column elementor-col-50 elementor-inner-column elementor-element elementor-element-a42c636\" data-id=\"a42c636\" data-element_type=\"column\">\n\t\t\t<div class=\"elementor-widget-wrap elementor-element-populated\">\n\t\t\t\t\t\t\t\t<div class=\"elementor-element elementor-element-0ea32ab elementor-widget elementor-widget-text-editor\" data-id=\"0ea32ab\" data-element_type=\"widget\" data-widget_type=\"text-editor.default\">\n\t\t\t\t<div class=\"elementor-widget-container\">\n\t\t\t\t\t\t\t\t\t\t\t\t\t<\/div>\n\t\t\t\t<\/div>\n\t\t\t\t<div class=\"elementor-element elementor-element-e779c05 elementor-align-center elementor-invisible elementor-widget elementor-widget-button\" data-id=\"e779c05\" data-element_type=\"widget\" data-settings=\"{&quot;_animation&quot;:&quot;fadeIn&quot;}\" data-widget_type=\"button.default\">\n\t\t\t\t<div class=\"elementor-widget-container\">\n\t\t\t\t\t<div class=\"elementor-button-wrapper\">\n\t\t\t<a href=\"https:\/\/waldspielgruppethun.ch\/?page_id=74\" class=\"elementor-button-link elementor-button elementor-size-xl\" role=\"button\">\n\t\t\t\t\t\t<span class=\"elementor-button-content-wrapper\">\n\t\t\t\t\t\t<span class=\"elementor-button-icon elementor-align-icon-left\">\n\t\t\t\t<i aria-hidden=\"true\" class=\"far fa-edit\"><\/i>\t\t\t<\/span>\n\t\t\t\t\t\t<span class=\"elementor-button-text\">Zur Anmeldung<\/span>\n\t\t<\/span>\n\t\t\t\t\t<\/a>\n\t\t<\/div>\n\t\t\t\t<\/div>\n\t\t\t\t<\/div>\n\t\t\t\t\t<\/div>\n\t\t<\/div>\n\t\t\t\t\t\t\t<\/div>\n\t\t<\/section>\n\t\t\t\t\t<\/div>\n\t\t<\/div>\n\t\t\t\t\t\t\t<\/div>\n\t\t<\/section>\n\t\t\t\t\t\t<\/div>\n\t\t\t\t\t<\/div>\n\t\t","protected":false},"excerpt":{"rendered":"<p>Wo Kinder aufbl\u00fchen. \u00a0 Weil sie ausreichend Bewegung brauchen, wenn sie sp\u00e4ter stillsitzen sollen. \u00a0 Weil wir ihre Fantasie und Kreativit\u00e4t bewahren. Weil sie auch sp\u00e4ter die Natur sch\u00fctzen, wenn sie heute die Natur kennen und lieben gelernt haben. \u00a0 \u00a0 \u00a0 \u00a0 \u00a0 Warum Waldspielgruppe? Was gibt es sch\u00f6neres, als an der frischen Luft [&hellip;]<\/p>\n","protected":false},"author":1,"featured_media":0,"parent":0,"menu_order":0,"comment_status":"closed","ping_status":"open","template":"","meta":{"footnotes":""},"class_list":["post-2","page","type-page","status-publish","hentry"],"_links":{"self":[{"href":"https:\/\/waldspielgruppethun.ch\/index.php?rest_route=\/wp\/v2\/pages\/2","targetHints":{"allow":["GET"]}}],"collection":[{"href":"https:\/\/waldspielgruppethun.ch\/index.php?rest_route=\/wp\/v2\/pages"}],"about":[{"href":"https:\/\/waldspielgruppethun.ch\/index.php?rest_route=\/wp\/v2\/types\/page"}],"author":[{"embeddable":true,"href":"https:\/\/waldspielgruppethun.ch\/index.php?rest_route=\/wp\/v2\/users\/1"}],"replies":[{"embeddable":true,"href":"https:\/\/waldspielgruppethun.ch\/index.php?rest_route=%2Fwp%2Fv2%2Fcomments&post=2"}],"version-history":[{"count":50,"href":"https:\/\/waldspielgruppethun.ch\/index.php?rest_route=\/wp\/v2\/pages\/2\/revisions"}],"predecessor-version":[{"id":116,"href":"https:\/\/waldspielgruppethun.ch\/index.php?rest_route=\/wp\/v2\/pages\/2\/revisions\/116"}],"wp:attachment":[{"href":"https:\/\/waldspielgruppethun.ch\/index.php?rest_route=%2Fwp%2Fv2%2Fmedia&parent=2"}],"curies":[{"name":"wp","href":"https:\/\/api.w.org\/{rel}","templated":true}]}}